{"id":1248,"date":"2024-12-04T06:55:15","date_gmt":"2024-12-04T06:55:15","guid":{"rendered":"https:\/\/www.nautilusdragados.com\/construction-de-structures-marines-et-cotieres\/brise-lames-et-jetees\/"},"modified":"2025-03-14T09:10:50","modified_gmt":"2025-03-14T09:10:50","slug":"brise-lames-et-jetees","status":"publish","type":"page","link":"https:\/\/www.nautilusdragados.com\/fr\/construction-de-structures-marines-et-cotieres\/brise-lames-et-jetees\/","title":{"rendered":"Brise-lames et jet\u00e9es"},"content":{"rendered":"<p>[et_pb_section fb_built=\u00a0\u00bb1&Prime; admin_label=\u00a0\u00bbHero\u00a0\u00bb _builder_version=\u00a0\u00bb4.27.4&Prime; _module_preset=\u00a0\u00bb74c69059-8e69-4122-b1e6-dfeabf6c5711&Prime; background_color=\u00a0\u00bb#22577a\u00a0\u00bb use_background_color_gradient=\u00a0\u00bboff\u00a0\u00bb custom_padding=\u00a0\u00bb8%||0px||false|false\u00a0\u00bb locked=\u00a0\u00bboff\u00a0\u00bb collapsed=\u00a0\u00bbon\u00a0\u00bb global_colors_info=\u00a0\u00bb{}\u00a0\u00bb][et_pb_row _builder_version=\u00a0\u00bb4.18.0&Prime; _module_preset=\u00a0\u00bb5138c454-be54-4233-bd3b-f8e6a8747976&Prime; locked=\u00a0\u00bboff\u00a0\u00bb global_colors_info=\u00a0\u00bb{}\u00a0\u00bb][et_pb_column type=\u00a0\u00bb4_4&Prime; _builder_version=\u00a0\u00bb4.16&Prime; _module_preset=\u00a0\u00bb73121f80-a3ef-4484-8763-c3f18e3c56d2&Prime; global_colors_info=\u00a0\u00bb{}\u00a0\u00bb][et_pb_heading title=\u00a0\u00bbSolutions de dragage int\u00e9gr\u00e9es\u00a0\u00bb _builder_version=\u00a0\u00bb4.27.4&Prime; _module_preset=\u00a0\u00bbf0c675ea-2574-4d0e-b725-30f8550a8550&Prime; title_font=\u00a0\u00bb&#8211;et_global_heading_font|700||on|||||\u00a0\u00bb title_text_color=\u00a0\u00bb#FFFFFF\u00a0\u00bb locked=\u00a0\u00bboff\u00a0\u00bb global_colors_info=\u00a0\u00bb{}\u00a0\u00bb][\/et_pb_heading][et_pb_heading title=\u00a0\u00bbJet\u00e9es et embarcad\u00e8res\u00a0\u00bb _builder_version=\u00a0\u00bb4.27.4&Prime; _module_preset=\u00a0\u00bbddeb8c09-9078-4424-bc15-2efb6572e28e\u00a0\u00bb title_font=\u00a0\u00bb&#8211;et_global_heading_font|IBM Plex Sans Condensed_weight|||||||\u00a0\u00bb title_text_color=\u00a0\u00bb#FFFFFF\u00a0\u00bb locked=\u00a0\u00bboff\u00a0\u00bb global_colors_info=\u00a0\u00bb{}\u00a0\u00bb][\/et_pb_heading][et_pb_text _builder_version=\u00a0\u00bb4.27.0&Prime; _module_preset=\u00a0\u00bb0504de1e-f5ff-4281-ba60-cbbe4edf98bc\u00a0\u00bb text_font=\u00a0\u00bb&#8211;et_global_body_font|IBM Plex Sans_weight|||||||\u00a0\u00bb quote_font=\u00a0\u00bbIBM Plex Sans Condensed|IBM Plex Sans Condensed_weight|||||||\u00a0\u00bb header_font=\u00a0\u00bbIBM Plex Sans Condensed|IBM Plex Sans Condensed_weight|||||||\u00a0\u00bb header_2_font=\u00a0\u00bbIBM Plex Sans Condensed|IBM Plex Sans Condensed_weight|||||||\u00a0\u00bb header_3_font=\u00a0\u00bbIBM Plex Sans Condensed|IBM Plex Sans Condensed_weight|||||||\u00a0\u00bb header_4_font=\u00a0\u00bbIBM Plex Sans Condensed|IBM Plex Sans Condensed_weight|||||||\u00a0\u00bb header_5_font=\u00a0\u00bbIBM Plex Sans Condensed|IBM Plex Sans Condensed_weight|||||||\u00a0\u00bb header_6_font=\u00a0\u00bbIBM Plex Sans Condensed|IBM Plex Sans Condensed_weight|||||||\u00a0\u00bb locked=\u00a0\u00bboff\u00a0\u00bb]<\/p>\n<p>Syst\u00e8me de conteneurs g\u00e9osynth\u00e9tiques pour la protection des c\u00f4tes<\/p>\n<p>[\/et_pb_text][et_pb_button button_url=\u00a0\u00bb@ET-DC@eyJkeW5hbWljIjp0cnVlLCJjb250ZW50IjoicG9zdF9saW5rX3VybF9wYWdlIiwic2V0dGluZ3MiOnsicG9zdF9pZCI6IjUwOCIsImVuYWJsZV9odG1sIjoib2ZmIn19@\u00a0\u00bb button_text=\u00a0\u00bbRetour \u00e0 Construction de structures marines et c\u00f4ti\u00e8res\u00a0\u00bb _builder_version=\u00a0\u00bb4.27.4&Prime; _dynamic_attributes=\u00a0\u00bbbutton_url\u00a0\u00bb _module_preset=\u00a0\u00bbab15fb74-61a3-43aa-96b3-41e09aeef654&Prime; button_font=\u00a0\u00bbIBM Plex Sans|700|||||||\u00a0\u00bb button_icon=\u00a0\u00bb&#x34;||divi||400&Prime; button_icon_placement=\u00a0\u00bbleft\u00a0\u00bb button_on_hover=\u00a0\u00bboff\u00a0\u00bb locked=\u00a0\u00bboff\u00a0\u00bb global_colors_info=\u00a0\u00bb{}\u00a0\u00bb][\/et_pb_button][\/et_pb_column][\/et_pb_row][\/et_pb_section][et_pb_section fb_built=\u00a0\u00bb1&Prime; _builder_version=\u00a0\u00bb4.27.0&Prime; _module_preset=\u00a0\u00bbdefault\u00a0\u00bb global_colors_info=\u00a0\u00bb{}\u00a0\u00bb][et_pb_row _builder_version=\u00a0\u00bb4.27.0&Prime; _module_preset=\u00a0\u00bbdefault\u00a0\u00bb global_colors_info=\u00a0\u00bb{}\u00a0\u00bb][et_pb_column type=\u00a0\u00bb4_4&Prime; _builder_version=\u00a0\u00bb4.27.0&Prime; _module_preset=\u00a0\u00bbdefault\u00a0\u00bb global_colors_info=\u00a0\u00bb{}\u00a0\u00bb][et_pb_text _builder_version=\u00a0\u00bb4.27.4&Prime; _module_preset=\u00a0\u00bbdefault\u00a0\u00bb hover_enabled=\u00a0\u00bb0&Prime; global_colors_info=\u00a0\u00bb{}\u00a0\u00bb sticky_enabled=\u00a0\u00bb0&Prime;]<\/p>\n<p>Le maintien ou la r\u00e9cup\u00e9ration des niveaux de plage r\u00e9duits est r\u00e9alis\u00e9 efficacement par l&rsquo;installation de tubes g\u00e9otextiles, dispos\u00e9s perpendiculairement au rivage pour former des piliers ou des structures qui favorisent la r\u00e9g\u00e9n\u00e9ration de la plage. Ces structures interrompent les courants c\u00f4tiers et favorisent l&rsquo;accumulation de s\u00e9diments, contribuant ainsi \u00e0 pr\u00e9server le littoral existant. En outre, les mat\u00e9riaux g\u00e9otextiles sont con\u00e7us pour s&rsquo;int\u00e9grer \u00e0 l&rsquo;environnement marin, favorisant le d\u00e9veloppement des plantes aquatiques et attirant la faune marine.<\/p>\n<p>[\/et_pb_text][\/et_pb_column][\/et_pb_row][et_pb_row _builder_version=\u00a0\u00bb4.27.4&Prime; _module_preset=\u00a0\u00bbdefault\u00a0\u00bb global_colors_info=\u00a0\u00bb{}\u00a0\u00bb][et_pb_column type=\u00a0\u00bb4_4&Prime; _builder_version=\u00a0\u00bb4.27.4&Prime; _module_preset=\u00a0\u00bbdefault\u00a0\u00bb global_colors_info=\u00a0\u00bb{}\u00a0\u00bb][et_pb_gallery gallery_ids=\u00a0\u00bb556,557&Prime; fullwidth=\u00a0\u00bbon\u00a0\u00bb _builder_version=\u00a0\u00bb4.27.4&Prime; _module_preset=\u00a0\u00bbdefault\u00a0\u00bb global_colors_info=\u00a0\u00bb{}\u00a0\u00bb][\/et_pb_gallery][\/et_pb_column][\/et_pb_row][\/et_pb_section][et_pb_section fb_built=\u00a0\u00bb1&Prime; admin_label=\u00a0\u00bbAbout\u00a0\u00bb _builder_version=\u00a0\u00bb4.25.1&Prime; _module_preset=\u00a0\u00bbdefault\u00a0\u00bb locked=\u00a0\u00bboff\u00a0\u00bb collapsed=\u00a0\u00bbon\u00a0\u00bb global_colors_info=\u00a0\u00bb{}\u00a0\u00bb][et_pb_row _builder_version=\u00a0\u00bb4.25.1&Prime; _module_preset=\u00a0\u00bb048d8e79-b07f-439b-bd57-f41c14f0a56b\u00a0\u00bb global_colors_info=\u00a0\u00bb{}\u00a0\u00bb][et_pb_column type=\u00a0\u00bb4_4&Prime; _builder_version=\u00a0\u00bb4.25.1&Prime; _module_preset=\u00a0\u00bbdefault\u00a0\u00bb global_colors_info=\u00a0\u00bb{}\u00a0\u00bb][et_pb_heading title=\u00a0\u00bbA propos de nous\u00a0\u00bb _builder_version=\u00a0\u00bb4.25.2&Prime; _module_preset=\u00a0\u00bbc33f07d9-41e0-421a-8799-5799df695cce\u00a0\u00bb title_font=\u00a0\u00bbIBM Plex Sans Condensed|IBM Plex Sans Condensed_weight|||||||\u00a0\u00bb title_text_align=\u00a0\u00bbcenter\u00a0\u00bb title_text_color=\u00a0\u00bb#111111&Prime; global_colors_info=\u00a0\u00bb{}\u00a0\u00bb][\/et_pb_heading][et_pb_text _builder_version=\u00a0\u00bb4.25.1&Prime; _module_preset=\u00a0\u00bb2c55a9c4-feed-423b-9edb-ae0b5b365cac\u00a0\u00bb text_font=\u00a0\u00bbIBM Plex Sans|IBM Plex Sans_weight|||||||\u00a0\u00bb text_text_color=\u00a0\u00bbrgba(0,0,0,0.64)\u00a0\u00bb link_font=\u00a0\u00bb|IBM Plex Sans_weight|||||||\u00a0\u00bb quote_font=\u00a0\u00bbIBM Plex Sans Condensed|IBM Plex Sans Condensed_weight|||||||\u00a0\u00bb quote_text_color=\u00a0\u00bb#111111&Prime; header_font=\u00a0\u00bbIBM Plex Sans Condensed|IBM Plex Sans Condensed_weight|||||||\u00a0\u00bb header_text_color=\u00a0\u00bb#111111&Prime; header_2_font=\u00a0\u00bbIBM Plex Sans Condensed|IBM Plex Sans Condensed_weight|||||||\u00a0\u00bb header_2_text_color=\u00a0\u00bb#111111&Prime; header_3_font=\u00a0\u00bbIBM Plex Sans Condensed|IBM Plex Sans Condensed_weight|||||||\u00a0\u00bb header_3_text_color=\u00a0\u00bb#111111&Prime; header_4_font=\u00a0\u00bbIBM Plex Sans Condensed|IBM Plex Sans Condensed_weight|||||||\u00a0\u00bb header_4_text_color=\u00a0\u00bb#111111&Prime; header_5_font=\u00a0\u00bbIBM Plex Sans Condensed|IBM Plex Sans Condensed_weight|||||||\u00a0\u00bb header_5_text_color=\u00a0\u00bb#111111&Prime; header_6_font=\u00a0\u00bbIBM Plex Sans Condensed|IBM Plex Sans Condensed_weight|||||||\u00a0\u00bb header_6_text_color=\u00a0\u00bb#111111&Prime; text_orientation=\u00a0\u00bbcenter\u00a0\u00bb global_colors_info=\u00a0\u00bb{}\u00a0\u00bb]<\/p>\n<p>Dragados Nautilus Espa\u00f1a, bas\u00e9e \u00e0 Fuengirola (M\u00e1laga), est sp\u00e9cialis\u00e9e dans le dragage et le nettoyage des ports, des plages et d&rsquo;autres environnements aquatiques. Fond\u00e9e \u00e0 l&rsquo;origine en Norv\u00e8ge, l&rsquo;entreprise a accumul\u00e9 une vaste exp\u00e9rience dans les projets de nettoyage et de restauration dans ce pays. Notre engagement en faveur du d\u00e9veloppement durable et de l&rsquo;environnement est au c\u0153ur de notre mission. Nous utilisons des technologies de pointe, telles que la d\u00e9shydratation par polym\u00e8res et sacs de sable et l&rsquo;antifouling, afin de garantir l&rsquo;efficacit\u00e9 et le respect de l&rsquo;environnement de nos op\u00e9rations. Chez Dragados Nautilus, nous sommes fiers de proposer des solutions innovantes pour relever les d\u00e9fis de l&rsquo;environnement marin.<\/p>\n<p>[\/et_pb_text][\/et_pb_column][\/et_pb_row][\/et_pb_section][et_pb_section fb_built=\u00a0\u00bb1&Prime; admin_label=\u00a0\u00bbCall to Action\u00a0\u00bb _builder_version=\u00a0\u00bb4.24.3&Prime; _module_preset=\u00a0\u00bbdefault\u00a0\u00bb background_enable_color=\u00a0\u00bboff\u00a0\u00bb use_background_color_gradient=\u00a0\u00bbon\u00a0\u00bb background_color_gradient_stops=\u00a0\u00bbrgba(0,0,0,0.5) 0%|rgba(0,0,0,0.5) 100%\u00a0\u00bb background_color_gradient_overlays_image=\u00a0\u00bbon\u00a0\u00bb background_image=\u00a0\u00bbhttps:\/\/www.nautilusdragados.com\/wp-content\/uploads\/2024\/09\/0-f275328d-09a5-441b-a05d-4ee02aa677e8-1920&#215;1080.jpg\u00a0\u00bb custom_padding=\u00a0\u00bb5vw||5vw||true|false\u00a0\u00bb locked=\u00a0\u00bboff\u00a0\u00bb collapsed=\u00a0\u00bbon\u00a0\u00bb global_colors_info=\u00a0\u00bb{%22gcid-36fd78a7-34bc-404d-873c-dafa34efaae5%22:%91%22background_color%22%93}\u00a0\u00bb][et_pb_row _builder_version=\u00a0\u00bb4.18.0&Prime; _module_preset=\u00a0\u00bb5138c454-be54-4233-bd3b-f8e6a8747976&Prime; global_colors_info=\u00a0\u00bb{}\u00a0\u00bb][et_pb_column type=\u00a0\u00bb4_4&Prime; _builder_version=\u00a0\u00bb4.18.0&Prime; _module_preset=\u00a0\u00bb73121f80-a3ef-4484-8763-c3f18e3c56d2&Prime; global_colors_info=\u00a0\u00bb{}\u00a0\u00bb][et_pb_cta title=\u00a0\u00bbContactez-nous d\u00e8s aujourd&apos;hui !\u00a0\u00bb button_url=\u00a0\u00bb@ET-DC@eyJkeW5hbWljIjp0cnVlLCJjb250ZW50IjoicG9zdF9saW5rX3VybF9wYWdlIiwic2V0dGluZ3MiOnsicG9zdF9pZCI6IjI4IiwiZW5hYmxlX2h0bWwiOiJvZmYifX0=@\u00a0\u00bb button_text=\u00a0\u00bbDemande d&apos;information\u00a0\u00bb _builder_version=\u00a0\u00bb4.27.0&Prime; _dynamic_attributes=\u00a0\u00bbbutton_url\u00a0\u00bb _module_preset=\u00a0\u00bb4c2ad5d0-871e-414e-a4be-aa9134d4ae8e\u00a0\u00bb header_font=\u00a0\u00bbIBM Plex Sans Condensed|IBM Plex Sans Condensed_weight|||||||\u00a0\u00bb header_text_color=\u00a0\u00bb#111111&Prime; body_font=\u00a0\u00bbIBM Plex Sans||||||||\u00a0\u00bb body_text_color=\u00a0\u00bbrgba(0,0,0,0.64)\u00a0\u00bb button_font=\u00a0\u00bbIBM Plex Sans|700|||||||\u00a0\u00bb custom_padding=\u00a0\u00bb60px|60px|60px|60px|true|true\u00a0\u00bb custom_padding_tablet=\u00a0\u00bb30px|30px|30px|30px|true|true\u00a0\u00bb custom_padding_phone=\u00a0\u00bb20px|20px|20px|20px|true|true\u00a0\u00bb custom_padding_last_edited=\u00a0\u00bbon|desktop\u00a0\u00bb locked=\u00a0\u00bboff\u00a0\u00bb global_colors_info=\u00a0\u00bb{%22gcid-f2943306-fa6c-45f0-b632-5fc00151366a%22:%91%22button_text_color%22%93,%22gcid-36fd78a7-34bc-404d-873c-dafa34efaae5%22:%91%22button_text_color%22,%22color%22,%22background_color%22%93,%22gcid-7cadd8b3-5228-48e4-90c4-212d09232f7b%22:%91%22color%22,%22color%22,%22color%22,%22color%22%93,%22gcid-f113ad93-2527-46d7-862b-fc71181c6b5e%22:%91%22border_color_all%22,%22border_color_all%22%93}\u00a0\u00bb text_font_size_tablet=\u00a0\u00bb16px\u00a0\u00bb text_font_size_phone=\u00a0\u00bb14px\u00a0\u00bb text_font_size_last_edited=\u00a0\u00bbon|phone\u00a0\u00bb]<\/p>\n<p>Avez-vous besoin de services de dragage pour votre port, votre plage ou votre rivi\u00e8re ? Chez Dragados Nautilus, nous sommes pr\u00eats \u00e0 vous aider \u00e0 relever tous les d\u00e9fis li\u00e9s \u00e0 l&rsquo;environnement marin. Contactez-nous pour plus d&rsquo;informations sur la fa\u00e7on dont nous pouvons vous aider \u00e0 nettoyer et restaurer vos espaces aquatiques.<\/p>\n<p>[\/et_pb_cta][\/et_pb_column][\/et_pb_row][\/et_pb_section]<\/p>\n","protected":false},"excerpt":{"rendered":"<p>Syst\u00e8me de conteneurs g\u00e9osynth\u00e9tiques pour la protection des c\u00f4tesLe maintien ou la r\u00e9cup\u00e9ration des niveaux de plage r\u00e9duits est r\u00e9alis\u00e9 efficacement par l&rsquo;installation de tubes g\u00e9otextiles, dispos\u00e9s perpendiculairement au rivage pour former des piliers ou des structures qui favorisent la r\u00e9g\u00e9n\u00e9ration de la plage. Ces structures interrompent les courants c\u00f4tiers et favorisent l&rsquo;accumulation de s\u00e9diments, contribuant ainsi \u00e0 pr\u00e9server le littoral existant. En outre, les mat\u00e9riaux g\u00e9otextiles sont con\u00e7us pour s&rsquo;int\u00e9grer \u00e0 l&rsquo;environnement marin, favorisant le d\u00e9veloppement des plantes aquatiques et attirant la faune marine.Dragados Nautilus Espa\u00f1a, bas\u00e9e \u00e0 Fuengirola (M\u00e1laga), est sp\u00e9cialis\u00e9e dans le dragage et le nettoyage des ports, des plages et d&rsquo;autres environnements aquatiques. Fond\u00e9e \u00e0 l&rsquo;origine en Norv\u00e8ge, l&rsquo;entreprise a accumul\u00e9 une vaste exp\u00e9rience dans les projets de nettoyage et de restauration dans ce pays. Notre engagement en faveur du d\u00e9veloppement durable et de l&rsquo;environnement est au c\u0153ur de notre mission. Nous utilisons des technologies de pointe, telles que la d\u00e9shydratation par polym\u00e8res et sacs de sable et l&rsquo;antifouling, afin de garantir l&rsquo;efficacit\u00e9 et le respect de l&rsquo;environnement de nos op\u00e9rations. Chez Dragados Nautilus, nous sommes fiers de proposer des solutions innovantes pour relever les d\u00e9fis de l&rsquo;environnement marin.Avez-vous besoin de services de dragage pour votre [&hellip;]<\/p>\n","protected":false},"author":1,"featured_media":1030,"parent":1204,"menu_order":0,"comment_status":"closed","ping_status":"closed","template":"","meta":{"_et_pb_use_builder":"on","_et_pb_old_content":"","_et_gb_content_width":"","footnotes":""},"class_list":["post-1248","page","type-page","status-publish","has-post-thumbnail","hentry"],"yoast_head":"<!-- This site is optimized with the Yoast SEO plugin v27.5 - https:\/\/yoast.com\/product\/yoast-seo-wordpress\/ -->\n<title>Brise-lames et jet\u00e9es - Nautilus Dragados<\/title>\n<meta name=\"description\" content=\"Nous installons des brise-lames g\u00e9otextiles pour r\u00e9g\u00e9n\u00e9rer les plages, r\u00e9duire l&#039;\u00e9rosion et pr\u00e9server la c\u00f4te de mani\u00e8re durable. Contactez nous !\" \/>\n<meta name=\"robots\" content=\"index, follow, max-snippet:-1, max-image-preview:large, max-video-preview:-1\" \/>\n<link rel=\"canonical\" href=\"https:\/\/www.nautilusdragados.com\/fr\/construction-de-structures-marines-et-cotieres\/brise-lames-et-jetees\/\" \/>\n<meta property=\"og:locale\" content=\"fr_FR\" \/>\n<meta property=\"og:type\" content=\"article\" \/>\n<meta property=\"og:title\" content=\"Brise-lames et jet\u00e9es - Nautilus Dragados\" \/>\n<meta property=\"og:description\" content=\"Nous installons des brise-lames g\u00e9otextiles pour r\u00e9g\u00e9n\u00e9rer les plages, r\u00e9duire l&#039;\u00e9rosion et pr\u00e9server la c\u00f4te de mani\u00e8re durable. Contactez nous !\" \/>\n<meta property=\"og:url\" content=\"https:\/\/www.nautilusdragados.com\/fr\/construction-de-structures-marines-et-cotieres\/brise-lames-et-jetees\/\" \/>\n<meta property=\"og:site_name\" content=\"Nautilus Dragados\" \/>\n<meta property=\"article:modified_time\" content=\"2025-03-14T09:10:50+00:00\" \/>\n<meta property=\"og:image\" content=\"https:\/\/www.nautilusdragados.com\/wp-content\/uploads\/2024\/12\/espigones.png\" \/>\n\t<meta property=\"og:image:width\" content=\"370\" \/>\n\t<meta property=\"og:image:height\" content=\"210\" \/>\n\t<meta property=\"og:image:type\" content=\"image\/png\" \/>\n<meta name=\"twitter:card\" content=\"summary_large_image\" \/>\n<meta name=\"twitter:label1\" content=\"Dur\u00e9e de lecture estim\u00e9e\" \/>\n\t<meta name=\"twitter:data1\" content=\"7 minutes\" \/>\n<script type=\"application\/ld+json\" class=\"yoast-schema-graph\">{\"@context\":\"https:\\\/\\\/schema.org\",\"@graph\":[{\"@type\":\"WebPage\",\"@id\":\"https:\\\/\\\/www.nautilusdragados.com\\\/fr\\\/construction-de-structures-marines-et-cotieres\\\/brise-lames-et-jetees\\\/\",\"url\":\"https:\\\/\\\/www.nautilusdragados.com\\\/fr\\\/construction-de-structures-marines-et-cotieres\\\/brise-lames-et-jetees\\\/\",\"name\":\"Brise-lames et jet\u00e9es - Nautilus Dragados\",\"isPartOf\":{\"@id\":\"https:\\\/\\\/www.nautilusdragados.com\\\/fr\\\/#website\"},\"primaryImageOfPage\":{\"@id\":\"https:\\\/\\\/www.nautilusdragados.com\\\/fr\\\/construction-de-structures-marines-et-cotieres\\\/brise-lames-et-jetees\\\/#primaryimage\"},\"image\":{\"@id\":\"https:\\\/\\\/www.nautilusdragados.com\\\/fr\\\/construction-de-structures-marines-et-cotieres\\\/brise-lames-et-jetees\\\/#primaryimage\"},\"thumbnailUrl\":\"https:\\\/\\\/www.nautilusdragados.com\\\/wp-content\\\/uploads\\\/2024\\\/12\\\/espigones.png\",\"datePublished\":\"2024-12-04T06:55:15+00:00\",\"dateModified\":\"2025-03-14T09:10:50+00:00\",\"description\":\"Nous installons des brise-lames g\u00e9otextiles pour r\u00e9g\u00e9n\u00e9rer les plages, r\u00e9duire l'\u00e9rosion et pr\u00e9server la c\u00f4te de mani\u00e8re durable. Contactez nous !\",\"breadcrumb\":{\"@id\":\"https:\\\/\\\/www.nautilusdragados.com\\\/fr\\\/construction-de-structures-marines-et-cotieres\\\/brise-lames-et-jetees\\\/#breadcrumb\"},\"inLanguage\":\"fr-FR\",\"potentialAction\":[{\"@type\":\"ReadAction\",\"target\":[\"https:\\\/\\\/www.nautilusdragados.com\\\/fr\\\/construction-de-structures-marines-et-cotieres\\\/brise-lames-et-jetees\\\/\"]}]},{\"@type\":\"ImageObject\",\"inLanguage\":\"fr-FR\",\"@id\":\"https:\\\/\\\/www.nautilusdragados.com\\\/fr\\\/construction-de-structures-marines-et-cotieres\\\/brise-lames-et-jetees\\\/#primaryimage\",\"url\":\"https:\\\/\\\/www.nautilusdragados.com\\\/wp-content\\\/uploads\\\/2024\\\/12\\\/espigones.png\",\"contentUrl\":\"https:\\\/\\\/www.nautilusdragados.com\\\/wp-content\\\/uploads\\\/2024\\\/12\\\/espigones.png\",\"width\":370,\"height\":210},{\"@type\":\"BreadcrumbList\",\"@id\":\"https:\\\/\\\/www.nautilusdragados.com\\\/fr\\\/construction-de-structures-marines-et-cotieres\\\/brise-lames-et-jetees\\\/#breadcrumb\",\"itemListElement\":[{\"@type\":\"ListItem\",\"position\":1,\"name\":\"Portada\",\"item\":\"https:\\\/\\\/www.nautilusdragados.com\\\/fr\\\/\"},{\"@type\":\"ListItem\",\"position\":2,\"name\":\"Construction de structures marines et c\u00f4ti\u00e8res\",\"item\":\"https:\\\/\\\/www.nautilusdragados.com\\\/fr\\\/construction-de-structures-marines-et-cotieres\\\/\"},{\"@type\":\"ListItem\",\"position\":3,\"name\":\"Brise-lames et jet\u00e9es\"}]},{\"@type\":\"WebSite\",\"@id\":\"https:\\\/\\\/www.nautilusdragados.com\\\/fr\\\/#website\",\"url\":\"https:\\\/\\\/www.nautilusdragados.com\\\/fr\\\/\",\"name\":\"Dragados Nautilus\",\"description\":\"Retos medioambientales marinos\",\"publisher\":{\"@id\":\"https:\\\/\\\/www.nautilusdragados.com\\\/fr\\\/#organization\"},\"potentialAction\":[{\"@type\":\"SearchAction\",\"target\":{\"@type\":\"EntryPoint\",\"urlTemplate\":\"https:\\\/\\\/www.nautilusdragados.com\\\/fr\\\/?s={search_term_string}\"},\"query-input\":{\"@type\":\"PropertyValueSpecification\",\"valueRequired\":true,\"valueName\":\"search_term_string\"}}],\"inLanguage\":\"fr-FR\"},{\"@type\":\"Organization\",\"@id\":\"https:\\\/\\\/www.nautilusdragados.com\\\/fr\\\/#organization\",\"name\":\"Dragados Nautilus\",\"url\":\"https:\\\/\\\/www.nautilusdragados.com\\\/fr\\\/\",\"logo\":{\"@type\":\"ImageObject\",\"inLanguage\":\"fr-FR\",\"@id\":\"https:\\\/\\\/www.nautilusdragados.com\\\/fr\\\/#\\\/schema\\\/logo\\\/image\\\/\",\"url\":\"https:\\\/\\\/www.nautilusdragados.com\\\/wp-content\\\/uploads\\\/2024\\\/09\\\/logo-nautilus.png\",\"contentUrl\":\"https:\\\/\\\/www.nautilusdragados.com\\\/wp-content\\\/uploads\\\/2024\\\/09\\\/logo-nautilus.png\",\"width\":482,\"height\":115,\"caption\":\"Dragados Nautilus\"},\"image\":{\"@id\":\"https:\\\/\\\/www.nautilusdragados.com\\\/fr\\\/#\\\/schema\\\/logo\\\/image\\\/\"}}]}<\/script>\n<!-- \/ Yoast SEO plugin. -->","yoast_head_json":{"title":"Brise-lames et jet\u00e9es - Nautilus Dragados","description":"Nous installons des brise-lames g\u00e9otextiles pour r\u00e9g\u00e9n\u00e9rer les plages, r\u00e9duire l'\u00e9rosion et pr\u00e9server la c\u00f4te de mani\u00e8re durable. Contactez nous !","robots":{"index":"index","follow":"follow","max-snippet":"max-snippet:-1","max-image-preview":"max-image-preview:large","max-video-preview":"max-video-preview:-1"},"canonical":"https:\/\/www.nautilusdragados.com\/fr\/construction-de-structures-marines-et-cotieres\/brise-lames-et-jetees\/","og_locale":"fr_FR","og_type":"article","og_title":"Brise-lames et jet\u00e9es - Nautilus Dragados","og_description":"Nous installons des brise-lames g\u00e9otextiles pour r\u00e9g\u00e9n\u00e9rer les plages, r\u00e9duire l'\u00e9rosion et pr\u00e9server la c\u00f4te de mani\u00e8re durable. Contactez nous !","og_url":"https:\/\/www.nautilusdragados.com\/fr\/construction-de-structures-marines-et-cotieres\/brise-lames-et-jetees\/","og_site_name":"Nautilus Dragados","article_modified_time":"2025-03-14T09:10:50+00:00","og_image":[{"width":370,"height":210,"url":"https:\/\/www.nautilusdragados.com\/wp-content\/uploads\/2024\/12\/espigones.png","type":"image\/png"}],"twitter_card":"summary_large_image","twitter_misc":{"Dur\u00e9e de lecture estim\u00e9e":"7 minutes"},"schema":{"@context":"https:\/\/schema.org","@graph":[{"@type":"WebPage","@id":"https:\/\/www.nautilusdragados.com\/fr\/construction-de-structures-marines-et-cotieres\/brise-lames-et-jetees\/","url":"https:\/\/www.nautilusdragados.com\/fr\/construction-de-structures-marines-et-cotieres\/brise-lames-et-jetees\/","name":"Brise-lames et jet\u00e9es - Nautilus Dragados","isPartOf":{"@id":"https:\/\/www.nautilusdragados.com\/fr\/#website"},"primaryImageOfPage":{"@id":"https:\/\/www.nautilusdragados.com\/fr\/construction-de-structures-marines-et-cotieres\/brise-lames-et-jetees\/#primaryimage"},"image":{"@id":"https:\/\/www.nautilusdragados.com\/fr\/construction-de-structures-marines-et-cotieres\/brise-lames-et-jetees\/#primaryimage"},"thumbnailUrl":"https:\/\/www.nautilusdragados.com\/wp-content\/uploads\/2024\/12\/espigones.png","datePublished":"2024-12-04T06:55:15+00:00","dateModified":"2025-03-14T09:10:50+00:00","description":"Nous installons des brise-lames g\u00e9otextiles pour r\u00e9g\u00e9n\u00e9rer les plages, r\u00e9duire l'\u00e9rosion et pr\u00e9server la c\u00f4te de mani\u00e8re durable. Contactez nous !","breadcrumb":{"@id":"https:\/\/www.nautilusdragados.com\/fr\/construction-de-structures-marines-et-cotieres\/brise-lames-et-jetees\/#breadcrumb"},"inLanguage":"fr-FR","potentialAction":[{"@type":"ReadAction","target":["https:\/\/www.nautilusdragados.com\/fr\/construction-de-structures-marines-et-cotieres\/brise-lames-et-jetees\/"]}]},{"@type":"ImageObject","inLanguage":"fr-FR","@id":"https:\/\/www.nautilusdragados.com\/fr\/construction-de-structures-marines-et-cotieres\/brise-lames-et-jetees\/#primaryimage","url":"https:\/\/www.nautilusdragados.com\/wp-content\/uploads\/2024\/12\/espigones.png","contentUrl":"https:\/\/www.nautilusdragados.com\/wp-content\/uploads\/2024\/12\/espigones.png","width":370,"height":210},{"@type":"BreadcrumbList","@id":"https:\/\/www.nautilusdragados.com\/fr\/construction-de-structures-marines-et-cotieres\/brise-lames-et-jetees\/#breadcrumb","itemListElement":[{"@type":"ListItem","position":1,"name":"Portada","item":"https:\/\/www.nautilusdragados.com\/fr\/"},{"@type":"ListItem","position":2,"name":"Construction de structures marines et c\u00f4ti\u00e8res","item":"https:\/\/www.nautilusdragados.com\/fr\/construction-de-structures-marines-et-cotieres\/"},{"@type":"ListItem","position":3,"name":"Brise-lames et jet\u00e9es"}]},{"@type":"WebSite","@id":"https:\/\/www.nautilusdragados.com\/fr\/#website","url":"https:\/\/www.nautilusdragados.com\/fr\/","name":"Dragados Nautilus","description":"Retos medioambientales marinos","publisher":{"@id":"https:\/\/www.nautilusdragados.com\/fr\/#organization"},"potentialAction":[{"@type":"SearchAction","target":{"@type":"EntryPoint","urlTemplate":"https:\/\/www.nautilusdragados.com\/fr\/?s={search_term_string}"},"query-input":{"@type":"PropertyValueSpecification","valueRequired":true,"valueName":"search_term_string"}}],"inLanguage":"fr-FR"},{"@type":"Organization","@id":"https:\/\/www.nautilusdragados.com\/fr\/#organization","name":"Dragados Nautilus","url":"https:\/\/www.nautilusdragados.com\/fr\/","logo":{"@type":"ImageObject","inLanguage":"fr-FR","@id":"https:\/\/www.nautilusdragados.com\/fr\/#\/schema\/logo\/image\/","url":"https:\/\/www.nautilusdragados.com\/wp-content\/uploads\/2024\/09\/logo-nautilus.png","contentUrl":"https:\/\/www.nautilusdragados.com\/wp-content\/uploads\/2024\/09\/logo-nautilus.png","width":482,"height":115,"caption":"Dragados Nautilus"},"image":{"@id":"https:\/\/www.nautilusdragados.com\/fr\/#\/schema\/logo\/image\/"}}]}},"_links":{"self":[{"href":"https:\/\/www.nautilusdragados.com\/fr\/wp-json\/wp\/v2\/pages\/1248","targetHints":{"allow":["GET"]}}],"collection":[{"href":"https:\/\/www.nautilusdragados.com\/fr\/wp-json\/wp\/v2\/pages"}],"about":[{"href":"https:\/\/www.nautilusdragados.com\/fr\/wp-json\/wp\/v2\/types\/page"}],"author":[{"embeddable":true,"href":"https:\/\/www.nautilusdragados.com\/fr\/wp-json\/wp\/v2\/users\/1"}],"replies":[{"embeddable":true,"href":"https:\/\/www.nautilusdragados.com\/fr\/wp-json\/wp\/v2\/comments?post=1248"}],"version-history":[{"count":7,"href":"https:\/\/www.nautilusdragados.com\/fr\/wp-json\/wp\/v2\/pages\/1248\/revisions"}],"predecessor-version":[{"id":1603,"href":"https:\/\/www.nautilusdragados.com\/fr\/wp-json\/wp\/v2\/pages\/1248\/revisions\/1603"}],"up":[{"embeddable":true,"href":"https:\/\/www.nautilusdragados.com\/fr\/wp-json\/wp\/v2\/pages\/1204"}],"wp:featuredmedia":[{"embeddable":true,"href":"https:\/\/www.nautilusdragados.com\/fr\/wp-json\/wp\/v2\/media\/1030"}],"wp:attachment":[{"href":"https:\/\/www.nautilusdragados.com\/fr\/wp-json\/wp\/v2\/media?parent=1248"}],"curies":[{"name":"wp","href":"https:\/\/api.w.org\/{rel}","templated":true}]}}