{"id":1275,"date":"2024-10-08T09:01:08","date_gmt":"2024-10-08T09:01:08","guid":{"rendered":"https:\/\/www.nautilusdragados.com\/politique-des-cookies\/"},"modified":"2025-03-14T08:53:24","modified_gmt":"2025-03-14T08:53:24","slug":"politique-des-cookies","status":"publish","type":"page","link":"https:\/\/www.nautilusdragados.com\/fr\/politique-des-cookies\/","title":{"rendered":"Politique des cookies"},"content":{"rendered":"<p>[et_pb_section fb_built=\u00a0\u00bb1&Prime; _builder_version=\u00a0\u00bb4.27.2&Prime; _module_preset=\u00a0\u00bbdefault\u00a0\u00bb global_colors_info=\u00a0\u00bb{}\u00a0\u00bb][et_pb_row _builder_version=\u00a0\u00bb4.27.2&Prime; _module_preset=\u00a0\u00bbdefault\u00a0\u00bb global_colors_info=\u00a0\u00bb{}\u00a0\u00bb][et_pb_column type=\u00a0\u00bb4_4&Prime; _builder_version=\u00a0\u00bb4.27.2&Prime; _module_preset=\u00a0\u00bbdefault\u00a0\u00bb global_colors_info=\u00a0\u00bb{}\u00a0\u00bb][et_pb_text _builder_version=\u00a0\u00bb4.27.2&Prime; _module_preset=\u00a0\u00bbdefault\u00a0\u00bb global_colors_info=\u00a0\u00bb{}\u00a0\u00bb]<\/p>\n<h3><span>Politique des cookies<\/span><\/h3>\n<p>[\/et_pb_text][et_pb_text _builder_version=\u00a0\u00bb4.27.4&Prime; _module_preset=\u00a0\u00bbdefault\u00a0\u00bb hover_enabled=\u00a0\u00bb0&Prime; global_colors_info=\u00a0\u00bb{}\u00a0\u00bb sticky_enabled=\u00a0\u00bb0&Prime;]<\/p>\n<h4><strong>1) Qu&rsquo;est-ce qu&rsquo;un cookie ?<\/strong><\/h4>\n<p>Les cookies sont de petits fichiers texte qui sont stock\u00e9s sur votre appareil lorsque vous visitez notre site web. Ils nous permettent de m\u00e9moriser vos pr\u00e9f\u00e9rences, de personnaliser votre exp\u00e9rience et d&rsquo;analyser le trafic.<\/p>\n<h4><strong>2. les types de cookies que nous utilisons<\/strong><\/h4>\n<p>Nous utilisons les types de cookies suivants sur notre site web :<\/p>\n<ul>\n<li><strong>Cookies techniques et n\u00e9cessaires:<\/strong> ils sont essentiels au bon fonctionnement du site web et ne requi\u00e8rent pas votre consentement.<\/li>\n<li><strong>Cookies de personnalisation:<\/strong> ils nous permettent de m\u00e9moriser vos pr\u00e9f\u00e9rences et de configurer le site en cons\u00e9quence.<\/li>\n<li><strong>Cookies analytiques:<\/strong> ils nous aident \u00e0 comprendre comment les utilisateurs interagissent avec notre site, ce qui nous permet d&rsquo;am\u00e9liorer l&rsquo;exp\u00e9rience de l&rsquo;utilisateur.<\/li>\n<li><strong>Cookies publicitaires:<\/strong> ils sont utilis\u00e9s pour diffuser des publicit\u00e9s personnalis\u00e9es en fonction de vos centres d&rsquo;int\u00e9r\u00eat. Ils ne sont install\u00e9s qu&rsquo;avec votre consentement.<\/li>\n<\/ul>\n<h4><strong>3. Consentement \u00e0 l&rsquo;utilisation de cookies<\/strong><\/h4>\n<p>Lorsque vous acc\u00e9dez \u00e0 notre site web, vous verrez un avis de cookie qui vous permettra d&rsquo;accepter ou de refuser les cookies. Vous pouvez modifier vos pr\u00e9f\u00e9rences \u00e0 tout moment dans les param\u00e8tres de votre navigateur.<\/p>\n<h4><strong>4. D\u00e9sactivation des cookies<\/strong><\/h4>\n<p>Vous pouvez bloquer ou supprimer les cookies par le biais des param\u00e8tres de votre navigateur. Toutefois, si vous d\u00e9sactivez certains cookies, il se peut que certaines fonctionnalit\u00e9s de notre site web ne fonctionnent pas correctement.<\/p>\n<h4><strong>5. Modifications de la politique en mati\u00e8re de cookies<\/strong><\/h4>\n<p>Nous pouvons mettre \u00e0 jour la pr\u00e9sente politique en mati\u00e8re de cookies \u00e0 tout moment pour l&rsquo;adapter \u00e0 de nouvelles r\u00e9glementations ou \u00e0 des changements dans notre utilisation des cookies. Nous vous recommandons de consulter r\u00e9guli\u00e8rement cette page.<\/p>\n<p>Si vous avez des questions sur notre politique de confidentialit\u00e9 ou sur les cookies, vous pouvez nous contacter \u00e0 l&rsquo;adresse suivante : <strong>oficina@drna.es<\/strong>.<\/p>\n<p>[\/et_pb_text][\/et_pb_column][\/et_pb_row][\/et_pb_section]<\/p>\n","protected":false},"excerpt":{"rendered":"<p>Politique des cookies1) Qu&rsquo;est-ce qu&rsquo;un cookie ? Les cookies sont de petits fichiers texte qui sont stock\u00e9s sur votre appareil lorsque vous visitez notre site web. Ils nous permettent de m\u00e9moriser vos pr\u00e9f\u00e9rences, de personnaliser votre exp\u00e9rience et d&rsquo;analyser le trafic. 2. les types de cookies que nous utilisons Nous utilisons les types de cookies [&hellip;]<\/p>\n","protected":false},"author":1,"featured_media":0,"parent":0,"menu_order":0,"comment_status":"closed","ping_status":"closed","template":"","meta":{"_et_pb_use_builder":"on","_et_pb_old_content":"","_et_gb_content_width":"","footnotes":""},"class_list":["post-1275","page","type-page","status-publish","hentry"],"yoast_head":"<!-- This site is optimized with the Yoast SEO plugin v27.4 - https:\/\/yoast.com\/product\/yoast-seo-wordpress\/ -->\n<title>Politique des cookies - Nautilus Dragados<\/title>\n<meta name=\"robots\" content=\"noindex, nofollow\" \/>\n<meta property=\"og:locale\" content=\"fr_FR\" \/>\n<meta property=\"og:type\" content=\"article\" \/>\n<meta property=\"og:title\" content=\"Politique des cookies - Nautilus Dragados\" \/>\n<meta property=\"og:description\" content=\"Politique des cookies1) Qu&#039;est-ce qu&#039;un cookie ? Les cookies sont de petits fichiers texte qui sont stock\u00e9s sur votre appareil lorsque vous visitez notre site web. Ils nous permettent de m\u00e9moriser vos pr\u00e9f\u00e9rences, de personnaliser votre exp\u00e9rience et d&#039;analyser le trafic. 2. les types de cookies que nous utilisons Nous utilisons les types de cookies [&hellip;]\" \/>\n<meta property=\"og:url\" content=\"https:\/\/www.nautilusdragados.com\/fr\/politique-des-cookies\/\" \/>\n<meta property=\"og:site_name\" content=\"Nautilus Dragados\" \/>\n<meta property=\"article:modified_time\" content=\"2025-03-14T08:53:24+00:00\" \/>\n<meta name=\"twitter:card\" content=\"summary_large_image\" \/>\n<meta name=\"twitter:label1\" content=\"Dur\u00e9e de lecture estim\u00e9e\" \/>\n\t<meta name=\"twitter:data1\" content=\"2 minutes\" \/>\n<script type=\"application\/ld+json\" class=\"yoast-schema-graph\">{\"@context\":\"https:\\\/\\\/schema.org\",\"@graph\":[{\"@type\":\"WebPage\",\"@id\":\"https:\\\/\\\/www.nautilusdragados.com\\\/fr\\\/politique-des-cookies\\\/\",\"url\":\"https:\\\/\\\/www.nautilusdragados.com\\\/fr\\\/politique-des-cookies\\\/\",\"name\":\"Politique des cookies - Nautilus Dragados\",\"isPartOf\":{\"@id\":\"https:\\\/\\\/www.nautilusdragados.com\\\/fr\\\/#website\"},\"datePublished\":\"2024-10-08T09:01:08+00:00\",\"dateModified\":\"2025-03-14T08:53:24+00:00\",\"breadcrumb\":{\"@id\":\"https:\\\/\\\/www.nautilusdragados.com\\\/fr\\\/politique-des-cookies\\\/#breadcrumb\"},\"inLanguage\":\"fr-FR\",\"potentialAction\":[{\"@type\":\"ReadAction\",\"target\":[\"https:\\\/\\\/www.nautilusdragados.com\\\/fr\\\/politique-des-cookies\\\/\"]}]},{\"@type\":\"BreadcrumbList\",\"@id\":\"https:\\\/\\\/www.nautilusdragados.com\\\/fr\\\/politique-des-cookies\\\/#breadcrumb\",\"itemListElement\":[{\"@type\":\"ListItem\",\"position\":1,\"name\":\"Portada\",\"item\":\"https:\\\/\\\/www.nautilusdragados.com\\\/fr\\\/accueil\\\/\"},{\"@type\":\"ListItem\",\"position\":2,\"name\":\"Politique des cookies\"}]},{\"@type\":\"WebSite\",\"@id\":\"https:\\\/\\\/www.nautilusdragados.com\\\/fr\\\/#website\",\"url\":\"https:\\\/\\\/www.nautilusdragados.com\\\/fr\\\/\",\"name\":\"Dragados Nautilus\",\"description\":\"Retos medioambientales marinos\",\"publisher\":{\"@id\":\"https:\\\/\\\/www.nautilusdragados.com\\\/fr\\\/#organization\"},\"potentialAction\":[{\"@type\":\"SearchAction\",\"target\":{\"@type\":\"EntryPoint\",\"urlTemplate\":\"https:\\\/\\\/www.nautilusdragados.com\\\/fr\\\/?s={search_term_string}\"},\"query-input\":{\"@type\":\"PropertyValueSpecification\",\"valueRequired\":true,\"valueName\":\"search_term_string\"}}],\"inLanguage\":\"fr-FR\"},{\"@type\":\"Organization\",\"@id\":\"https:\\\/\\\/www.nautilusdragados.com\\\/fr\\\/#organization\",\"name\":\"Dragados Nautilus\",\"url\":\"https:\\\/\\\/www.nautilusdragados.com\\\/fr\\\/\",\"logo\":{\"@type\":\"ImageObject\",\"inLanguage\":\"fr-FR\",\"@id\":\"https:\\\/\\\/www.nautilusdragados.com\\\/fr\\\/#\\\/schema\\\/logo\\\/image\\\/\",\"url\":\"https:\\\/\\\/www.nautilusdragados.com\\\/wp-content\\\/uploads\\\/2024\\\/09\\\/logo-nautilus.png\",\"contentUrl\":\"https:\\\/\\\/www.nautilusdragados.com\\\/wp-content\\\/uploads\\\/2024\\\/09\\\/logo-nautilus.png\",\"width\":482,\"height\":115,\"caption\":\"Dragados Nautilus\"},\"image\":{\"@id\":\"https:\\\/\\\/www.nautilusdragados.com\\\/fr\\\/#\\\/schema\\\/logo\\\/image\\\/\"}}]}<\/script>\n<!-- \/ Yoast SEO plugin. -->","yoast_head_json":{"title":"Politique des cookies - Nautilus Dragados","robots":{"index":"noindex","follow":"nofollow"},"og_locale":"fr_FR","og_type":"article","og_title":"Politique des cookies - Nautilus Dragados","og_description":"Politique des cookies1) Qu'est-ce qu'un cookie ? Les cookies sont de petits fichiers texte qui sont stock\u00e9s sur votre appareil lorsque vous visitez notre site web. Ils nous permettent de m\u00e9moriser vos pr\u00e9f\u00e9rences, de personnaliser votre exp\u00e9rience et d'analyser le trafic. 2. les types de cookies que nous utilisons Nous utilisons les types de cookies [&hellip;]","og_url":"https:\/\/www.nautilusdragados.com\/fr\/politique-des-cookies\/","og_site_name":"Nautilus Dragados","article_modified_time":"2025-03-14T08:53:24+00:00","twitter_card":"summary_large_image","twitter_misc":{"Dur\u00e9e de lecture estim\u00e9e":"2 minutes"},"schema":{"@context":"https:\/\/schema.org","@graph":[{"@type":"WebPage","@id":"https:\/\/www.nautilusdragados.com\/fr\/politique-des-cookies\/","url":"https:\/\/www.nautilusdragados.com\/fr\/politique-des-cookies\/","name":"Politique des cookies - Nautilus Dragados","isPartOf":{"@id":"https:\/\/www.nautilusdragados.com\/fr\/#website"},"datePublished":"2024-10-08T09:01:08+00:00","dateModified":"2025-03-14T08:53:24+00:00","breadcrumb":{"@id":"https:\/\/www.nautilusdragados.com\/fr\/politique-des-cookies\/#breadcrumb"},"inLanguage":"fr-FR","potentialAction":[{"@type":"ReadAction","target":["https:\/\/www.nautilusdragados.com\/fr\/politique-des-cookies\/"]}]},{"@type":"BreadcrumbList","@id":"https:\/\/www.nautilusdragados.com\/fr\/politique-des-cookies\/#breadcrumb","itemListElement":[{"@type":"ListItem","position":1,"name":"Portada","item":"https:\/\/www.nautilusdragados.com\/fr\/accueil\/"},{"@type":"ListItem","position":2,"name":"Politique des cookies"}]},{"@type":"WebSite","@id":"https:\/\/www.nautilusdragados.com\/fr\/#website","url":"https:\/\/www.nautilusdragados.com\/fr\/","name":"Dragados Nautilus","description":"Retos medioambientales marinos","publisher":{"@id":"https:\/\/www.nautilusdragados.com\/fr\/#organization"},"potentialAction":[{"@type":"SearchAction","target":{"@type":"EntryPoint","urlTemplate":"https:\/\/www.nautilusdragados.com\/fr\/?s={search_term_string}"},"query-input":{"@type":"PropertyValueSpecification","valueRequired":true,"valueName":"search_term_string"}}],"inLanguage":"fr-FR"},{"@type":"Organization","@id":"https:\/\/www.nautilusdragados.com\/fr\/#organization","name":"Dragados Nautilus","url":"https:\/\/www.nautilusdragados.com\/fr\/","logo":{"@type":"ImageObject","inLanguage":"fr-FR","@id":"https:\/\/www.nautilusdragados.com\/fr\/#\/schema\/logo\/image\/","url":"https:\/\/www.nautilusdragados.com\/wp-content\/uploads\/2024\/09\/logo-nautilus.png","contentUrl":"https:\/\/www.nautilusdragados.com\/wp-content\/uploads\/2024\/09\/logo-nautilus.png","width":482,"height":115,"caption":"Dragados Nautilus"},"image":{"@id":"https:\/\/www.nautilusdragados.com\/fr\/#\/schema\/logo\/image\/"}}]}},"_links":{"self":[{"href":"https:\/\/www.nautilusdragados.com\/fr\/wp-json\/wp\/v2\/pages\/1275","targetHints":{"allow":["GET"]}}],"collection":[{"href":"https:\/\/www.nautilusdragados.com\/fr\/wp-json\/wp\/v2\/pages"}],"about":[{"href":"https:\/\/www.nautilusdragados.com\/fr\/wp-json\/wp\/v2\/types\/page"}],"author":[{"embeddable":true,"href":"https:\/\/www.nautilusdragados.com\/fr\/wp-json\/wp\/v2\/users\/1"}],"replies":[{"embeddable":true,"href":"https:\/\/www.nautilusdragados.com\/fr\/wp-json\/wp\/v2\/comments?post=1275"}],"version-history":[{"count":4,"href":"https:\/\/www.nautilusdragados.com\/fr\/wp-json\/wp\/v2\/pages\/1275\/revisions"}],"predecessor-version":[{"id":1585,"href":"https:\/\/www.nautilusdragados.com\/fr\/wp-json\/wp\/v2\/pages\/1275\/revisions\/1585"}],"wp:attachment":[{"href":"https:\/\/www.nautilusdragados.com\/fr\/wp-json\/wp\/v2\/media?parent=1275"}],"curies":[{"name":"wp","href":"https:\/\/api.w.org\/{rel}","templated":true}]}}