{"id":1278,"date":"2024-10-08T08:48:19","date_gmt":"2024-10-08T08:48:19","guid":{"rendered":"https:\/\/www.nautilusdragados.com\/politique-de-confidentialite\/"},"modified":"2025-03-14T08:54:46","modified_gmt":"2025-03-14T08:54:46","slug":"politique-de-confidentialite","status":"publish","type":"page","link":"https:\/\/www.nautilusdragados.com\/fr\/politique-de-confidentialite\/","title":{"rendered":"Politique de confidentialit\u00e9"},"content":{"rendered":"<p>[et_pb_section fb_built=\u00a0\u00bb1&Prime; _builder_version=\u00a0\u00bb4.27.2&Prime; _module_preset=\u00a0\u00bbdefault\u00a0\u00bb global_colors_info=\u00a0\u00bb{}\u00a0\u00bb][et_pb_row _builder_version=\u00a0\u00bb4.27.2&Prime; _module_preset=\u00a0\u00bbdefault\u00a0\u00bb global_colors_info=\u00a0\u00bb{}\u00a0\u00bb][et_pb_column type=\u00a0\u00bb4_4&Prime; _builder_version=\u00a0\u00bb4.27.2&Prime; _module_preset=\u00a0\u00bbdefault\u00a0\u00bb global_colors_info=\u00a0\u00bb{}\u00a0\u00bb][et_pb_text _builder_version=\u00a0\u00bb4.27.2&Prime; _module_preset=\u00a0\u00bbdefault\u00a0\u00bb global_colors_info=\u00a0\u00bb{}\u00a0\u00bb]<\/p>\n<h3>Politique de confidentialit\u00e9<\/h3>\n<p>[\/et_pb_text][et_pb_text _builder_version=\u00a0\u00bb4.27.4&Prime; _module_preset=\u00a0\u00bbdefault\u00a0\u00bb hover_enabled=\u00a0\u00bb0&Prime; global_colors_info=\u00a0\u00bb{}\u00a0\u00bb sticky_enabled=\u00a0\u00bb0&Prime;]<\/p>\n<h4><strong>1. le contr\u00f4leur des donn\u00e9es<\/strong><\/h4>\n<p>Le responsable du traitement des donn\u00e9es personnelles collect\u00e9es sur ce site web est <strong>NAUTILUS DRAGADOS ESPA\u00d1A S.L<\/strong>, avec le code d&rsquo;identification fiscale B-09730441 et l&rsquo;adresse \u00e0 <strong>M\u00e1laga (M\u00e1laga).<\/strong> Vous pouvez nous contacter par courrier \u00e9lectronique \u00e0 l&rsquo;adresse <strong>oficina@drna.es<\/strong> pour toute question relative au traitement de vos donn\u00e9es.<\/p>\n<h4><strong>2. les informations que nous recueillons<\/strong><\/h4>\n<p>Nous collectons diff\u00e9rents types de donn\u00e9es \u00e0 caract\u00e8re personnel conform\u00e9ment au r\u00e8glement g\u00e9n\u00e9ral sur la protection des donn\u00e9es (RGPD) :<\/p>\n<ul>\n<li><strong>Donn\u00e9es d&rsquo;identification<\/strong> : nom, adresse \u00e9lectronique, num\u00e9ro de t\u00e9l\u00e9phone, etc., lorsque vous les fournissez volontairement lors de l&rsquo;enregistrement ou en remplissant des formulaires.<\/li>\n<li><strong>Donn\u00e9es d&rsquo;utilisation<\/strong> : informations relatives \u00e0 votre navigation sur notre site web (par exemple, adresse IP, type de navigateur, dur\u00e9e de la visite, pages consult\u00e9es, etc.)<\/li>\n<li><strong>Cookies et technologies de suivi<\/strong> : nous utilisons des cookies pour am\u00e9liorer l&rsquo;exp\u00e9rience de l&rsquo;utilisateur, fournir un contenu personnalis\u00e9 et analyser le trafic sur le site.<\/li>\n<\/ul>\n<h4><strong>3. Finalit\u00e9 du traitement<\/strong><\/h4>\n<p>Les donn\u00e9es que nous collectons sont utilis\u00e9es aux fins suivantes, toujours en conformit\u00e9 avec les r\u00e9glementations applicables :<\/p>\n<ul>\n<li>Fournir, maintenir et am\u00e9liorer notre site web.<\/li>\n<li>Envoyer des communications relatives \u00e0 nos services, telles que des mises \u00e0 jour, des bulletins d&rsquo;information et d&rsquo;autres informations que vous demandez.<\/li>\n<li>Analyser le comportement des utilisateurs afin d&rsquo;optimiser notre site web.<\/li>\n<li>Se conformer aux obligations l\u00e9gales applicables.<\/li>\n<li>Vous montrer des publicit\u00e9s personnalis\u00e9es en fonction de vos centres d&rsquo;int\u00e9r\u00eat.<\/li>\n<\/ul>\n<h4><strong>4. Base juridique du traitement des donn\u00e9es<\/strong><\/h4>\n<p>Nous traitons vos donn\u00e9es personnelles conform\u00e9ment aux bases juridiques suivantes :<\/p>\n<ul>\n<li><strong>Consentement<\/strong> : lorsque vous nous fournissez volontairement vos donn\u00e9es pour recevoir des informations ou vous abonner \u00e0 nos services.<\/li>\n<li><strong>Ex\u00e9cution d&rsquo;un contrat<\/strong> : pour vous fournir les services que vous avez demand\u00e9s.<\/li>\n<li><strong>Int\u00e9r\u00eats l\u00e9gitimes<\/strong> : analyser et am\u00e9liorer les performances de notre site web.<\/li>\n<li><strong>Respect des obligations l\u00e9gales<\/strong> : lorsque nous sommes tenus de conserver les donn\u00e9es pour des raisons l\u00e9gales ou r\u00e9glementaires.<\/li>\n<\/ul>\n<h4><strong>5. Droits de l&rsquo;utilisateur<\/strong><\/h4>\n<p>En tant qu&rsquo;utilisateur, vous avez le droit de :<\/p>\n<ul>\n<li><strong>Acc\u00e8s<\/strong> : vous pouvez demander l&rsquo;acc\u00e8s aux donn\u00e9es \u00e0 caract\u00e8re personnel que nous traitons.<\/li>\n<li><strong>Rectification<\/strong> : vous pouvez corriger les donn\u00e9es personnelles inexactes ou incompl\u00e8tes.<\/li>\n<li><strong>Suppression (droit \u00e0 l&rsquo;oubli)<\/strong> : Vous pouvez nous demander de supprimer vos donn\u00e9es lorsqu&rsquo;elles ne sont plus n\u00e9cessaires aux fins pour lesquelles elles ont \u00e9t\u00e9 collect\u00e9es.<\/li>\n<li><strong>Limitation du traitement<\/strong> : vous pouvez nous demander de limiter l&rsquo;utilisation de vos donn\u00e9es dans certains cas.<\/li>\n<li><strong>Portabilit\u00e9 des donn\u00e9es<\/strong> : Vous pouvez nous demander de vous fournir vos donn\u00e9es \u00e0 caract\u00e8re personnel dans un format structur\u00e9, couramment utilis\u00e9 et lisible par machine.<\/li>\n<li><strong>Objection<\/strong> : vous pouvez vous opposer au traitement de vos donn\u00e9es dans certaines situations, par exemple \u00e0 des fins de marketing direct.<\/li>\n<\/ul>\n<p>Pour exercer vos droits, vous pouvez nous contacter \u00e0 l&rsquo;adresse suivante : <strong>oficina@drna.es.<\/strong> Vous avez le droit de d\u00e9poser une plainte aupr\u00e8s de <strong>l&rsquo;Agence espagnole de protection des donn\u00e9es (AEPD)<\/strong> si vous estimez que l&rsquo;un de vos droits a \u00e9t\u00e9 viol\u00e9.<\/p>\n<h4><strong>6. Transfert de donn\u00e9es \u00e0 des tiers<\/strong><\/h4>\n<p>Nous ne partageons pas vos donn\u00e9es personnelles avec des tiers, sauf dans les cas suivants :<\/p>\n<ul>\n<li><strong>Prestataires de services<\/strong> : nous pouvons partager vos informations avec des prestataires de services qui nous aident \u00e0 exploiter notre site web, sous r\u00e9serve de mesures strictes de s\u00e9curit\u00e9 et de confidentialit\u00e9.<\/li>\n<li><strong>Respect de la loi<\/strong> : lorsque cela est n\u00e9cessaire pour se conformer \u00e0 une obligation l\u00e9gale ou pour prot\u00e9ger nos droits.<\/li>\n<\/ul>\n<h4><strong>7. S\u00e9curit\u00e9 des donn\u00e9es<\/strong><\/h4>\n<p>Nous mettons en \u0153uvre des mesures techniques et organisationnelles appropri\u00e9es pour prot\u00e9ger vos donn\u00e9es \u00e0 caract\u00e8re personnel contre l&rsquo;acc\u00e8s non autoris\u00e9, l&rsquo;alt\u00e9ration, la divulgation ou la destruction.<\/p>\n<h4><strong>8. P\u00e9riode de conservation des donn\u00e9es<\/strong><\/h4>\n<p>Nous conservons vos donn\u00e9es \u00e0 caract\u00e8re personnel aussi longtemps que n\u00e9cessaire aux fins pour lesquelles elles ont \u00e9t\u00e9 collect\u00e9es, ou aussi longtemps que l&rsquo;exige la l\u00e9gislation applicable.<\/p>\n<p>[\/et_pb_text][\/et_pb_column][\/et_pb_row][\/et_pb_section]<\/p>\n","protected":false},"excerpt":{"rendered":"<p>Politique de confidentialit\u00e91. le contr\u00f4leur des donn\u00e9es Le responsable du traitement des donn\u00e9es personnelles collect\u00e9es sur ce site web est NAUTILUS DRAGADOS ESPA\u00d1A S.L, avec le code d&rsquo;identification fiscale B-09730441 et l&rsquo;adresse \u00e0 M\u00e1laga (M\u00e1laga). Vous pouvez nous contacter par courrier \u00e9lectronique \u00e0 l&rsquo;adresse oficina@drna.es pour toute question relative au traitement de vos donn\u00e9es. 2. les informations que nous recueillons Nous collectons diff\u00e9rents types de donn\u00e9es \u00e0 caract\u00e8re personnel conform\u00e9ment au r\u00e8glement g\u00e9n\u00e9ral sur la protection des donn\u00e9es (RGPD) : Donn\u00e9es d&rsquo;identification : nom, adresse \u00e9lectronique, num\u00e9ro de t\u00e9l\u00e9phone, etc., lorsque vous les fournissez volontairement lors de l&rsquo;enregistrement ou en remplissant des formulaires. Donn\u00e9es d&rsquo;utilisation : informations relatives \u00e0 votre navigation sur notre site web (par exemple, adresse IP, type de navigateur, dur\u00e9e de la visite, pages consult\u00e9es, etc.) Cookies et technologies de suivi : nous utilisons des cookies pour am\u00e9liorer l&rsquo;exp\u00e9rience de l&rsquo;utilisateur, fournir un contenu personnalis\u00e9 et analyser le trafic sur le site. 3. Finalit\u00e9 du traitement Les donn\u00e9es que nous collectons sont utilis\u00e9es aux fins suivantes, toujours en conformit\u00e9 avec les r\u00e9glementations applicables : Fournir, maintenir et am\u00e9liorer notre site web. Envoyer des communications relatives \u00e0 nos services, telles que des mises \u00e0 jour, des bulletins d&rsquo;information [&hellip;]<\/p>\n","protected":false},"author":1,"featured_media":0,"parent":0,"menu_order":0,"comment_status":"closed","ping_status":"closed","template":"","meta":{"_et_pb_use_builder":"on","_et_pb_old_content":"","_et_gb_content_width":"","footnotes":""},"class_list":["post-1278","page","type-page","status-publish","hentry"],"yoast_head":"<!-- This site is optimized with the Yoast SEO plugin v27.5 - https:\/\/yoast.com\/product\/yoast-seo-wordpress\/ -->\n<title>Politique de confidentialit\u00e9 - Nautilus Dragados<\/title>\n<meta name=\"robots\" content=\"noindex, nofollow\" \/>\n<meta property=\"og:locale\" content=\"fr_FR\" \/>\n<meta property=\"og:type\" content=\"article\" \/>\n<meta property=\"og:title\" content=\"Politique de confidentialit\u00e9 - Nautilus Dragados\" \/>\n<meta property=\"og:description\" content=\"Politique de confidentialit\u00e91. le contr\u00f4leur des donn\u00e9es Le responsable du traitement des donn\u00e9es personnelles collect\u00e9es sur ce site web est NAUTILUS DRAGADOS ESPA\u00d1A S.L, avec le code d&#039;identification fiscale B-09730441 et l&#039;adresse \u00e0 M\u00e1laga (M\u00e1laga). Vous pouvez nous contacter par courrier \u00e9lectronique \u00e0 l&#039;adresse oficina@drna.es pour toute question relative au traitement de vos donn\u00e9es. 2. les informations que nous recueillons Nous collectons diff\u00e9rents types de donn\u00e9es \u00e0 caract\u00e8re personnel conform\u00e9ment au r\u00e8glement g\u00e9n\u00e9ral sur la protection des donn\u00e9es (RGPD) : Donn\u00e9es d&#039;identification : nom, adresse \u00e9lectronique, num\u00e9ro de t\u00e9l\u00e9phone, etc., lorsque vous les fournissez volontairement lors de l&#039;enregistrement ou en remplissant des formulaires. Donn\u00e9es d&#039;utilisation : informations relatives \u00e0 votre navigation sur notre site web (par exemple, adresse IP, type de navigateur, dur\u00e9e de la visite, pages consult\u00e9es, etc.) Cookies et technologies de suivi : nous utilisons des cookies pour am\u00e9liorer l&#039;exp\u00e9rience de l&#039;utilisateur, fournir un contenu personnalis\u00e9 et analyser le trafic sur le site. 3. Finalit\u00e9 du traitement Les donn\u00e9es que nous collectons sont utilis\u00e9es aux fins suivantes, toujours en conformit\u00e9 avec les r\u00e9glementations applicables : Fournir, maintenir et am\u00e9liorer notre site web. Envoyer des communications relatives \u00e0 nos services, telles que des mises \u00e0 jour, des bulletins d&#039;information [&hellip;]\" \/>\n<meta property=\"og:url\" content=\"https:\/\/www.nautilusdragados.com\/fr\/politique-de-confidentialite\/\" \/>\n<meta property=\"og:site_name\" content=\"Nautilus Dragados\" \/>\n<meta property=\"article:modified_time\" content=\"2025-03-14T08:54:46+00:00\" \/>\n<meta name=\"twitter:card\" content=\"summary_large_image\" \/>\n<meta name=\"twitter:label1\" content=\"Dur\u00e9e de lecture estim\u00e9e\" \/>\n\t<meta name=\"twitter:data1\" content=\"4 minutes\" \/>\n<script type=\"application\/ld+json\" class=\"yoast-schema-graph\">{\"@context\":\"https:\\\/\\\/schema.org\",\"@graph\":[{\"@type\":\"WebPage\",\"@id\":\"https:\\\/\\\/www.nautilusdragados.com\\\/fr\\\/politique-de-confidentialite\\\/\",\"url\":\"https:\\\/\\\/www.nautilusdragados.com\\\/fr\\\/politique-de-confidentialite\\\/\",\"name\":\"Politique de confidentialit\u00e9 - Nautilus Dragados\",\"isPartOf\":{\"@id\":\"https:\\\/\\\/www.nautilusdragados.com\\\/fr\\\/#website\"},\"datePublished\":\"2024-10-08T08:48:19+00:00\",\"dateModified\":\"2025-03-14T08:54:46+00:00\",\"breadcrumb\":{\"@id\":\"https:\\\/\\\/www.nautilusdragados.com\\\/fr\\\/politique-de-confidentialite\\\/#breadcrumb\"},\"inLanguage\":\"fr-FR\",\"potentialAction\":[{\"@type\":\"ReadAction\",\"target\":[\"https:\\\/\\\/www.nautilusdragados.com\\\/fr\\\/politique-de-confidentialite\\\/\"]}]},{\"@type\":\"BreadcrumbList\",\"@id\":\"https:\\\/\\\/www.nautilusdragados.com\\\/fr\\\/politique-de-confidentialite\\\/#breadcrumb\",\"itemListElement\":[{\"@type\":\"ListItem\",\"position\":1,\"name\":\"Portada\",\"item\":\"https:\\\/\\\/www.nautilusdragados.com\\\/fr\\\/\"},{\"@type\":\"ListItem\",\"position\":2,\"name\":\"Politique de confidentialit\u00e9\"}]},{\"@type\":\"WebSite\",\"@id\":\"https:\\\/\\\/www.nautilusdragados.com\\\/fr\\\/#website\",\"url\":\"https:\\\/\\\/www.nautilusdragados.com\\\/fr\\\/\",\"name\":\"Dragados Nautilus\",\"description\":\"Retos medioambientales marinos\",\"publisher\":{\"@id\":\"https:\\\/\\\/www.nautilusdragados.com\\\/fr\\\/#organization\"},\"potentialAction\":[{\"@type\":\"SearchAction\",\"target\":{\"@type\":\"EntryPoint\",\"urlTemplate\":\"https:\\\/\\\/www.nautilusdragados.com\\\/fr\\\/?s={search_term_string}\"},\"query-input\":{\"@type\":\"PropertyValueSpecification\",\"valueRequired\":true,\"valueName\":\"search_term_string\"}}],\"inLanguage\":\"fr-FR\"},{\"@type\":\"Organization\",\"@id\":\"https:\\\/\\\/www.nautilusdragados.com\\\/fr\\\/#organization\",\"name\":\"Dragados Nautilus\",\"url\":\"https:\\\/\\\/www.nautilusdragados.com\\\/fr\\\/\",\"logo\":{\"@type\":\"ImageObject\",\"inLanguage\":\"fr-FR\",\"@id\":\"https:\\\/\\\/www.nautilusdragados.com\\\/fr\\\/#\\\/schema\\\/logo\\\/image\\\/\",\"url\":\"https:\\\/\\\/www.nautilusdragados.com\\\/wp-content\\\/uploads\\\/2024\\\/09\\\/logo-nautilus.png\",\"contentUrl\":\"https:\\\/\\\/www.nautilusdragados.com\\\/wp-content\\\/uploads\\\/2024\\\/09\\\/logo-nautilus.png\",\"width\":482,\"height\":115,\"caption\":\"Dragados Nautilus\"},\"image\":{\"@id\":\"https:\\\/\\\/www.nautilusdragados.com\\\/fr\\\/#\\\/schema\\\/logo\\\/image\\\/\"}}]}<\/script>\n<!-- \/ Yoast SEO plugin. -->","yoast_head_json":{"title":"Politique de confidentialit\u00e9 - Nautilus Dragados","robots":{"index":"noindex","follow":"nofollow"},"og_locale":"fr_FR","og_type":"article","og_title":"Politique de confidentialit\u00e9 - Nautilus Dragados","og_description":"Politique de confidentialit\u00e91. le contr\u00f4leur des donn\u00e9es Le responsable du traitement des donn\u00e9es personnelles collect\u00e9es sur ce site web est NAUTILUS DRAGADOS ESPA\u00d1A S.L, avec le code d'identification fiscale B-09730441 et l'adresse \u00e0 M\u00e1laga (M\u00e1laga). Vous pouvez nous contacter par courrier \u00e9lectronique \u00e0 l'adresse oficina@drna.es pour toute question relative au traitement de vos donn\u00e9es. 2. les informations que nous recueillons Nous collectons diff\u00e9rents types de donn\u00e9es \u00e0 caract\u00e8re personnel conform\u00e9ment au r\u00e8glement g\u00e9n\u00e9ral sur la protection des donn\u00e9es (RGPD) : Donn\u00e9es d'identification : nom, adresse \u00e9lectronique, num\u00e9ro de t\u00e9l\u00e9phone, etc., lorsque vous les fournissez volontairement lors de l'enregistrement ou en remplissant des formulaires. Donn\u00e9es d'utilisation : informations relatives \u00e0 votre navigation sur notre site web (par exemple, adresse IP, type de navigateur, dur\u00e9e de la visite, pages consult\u00e9es, etc.) Cookies et technologies de suivi : nous utilisons des cookies pour am\u00e9liorer l'exp\u00e9rience de l'utilisateur, fournir un contenu personnalis\u00e9 et analyser le trafic sur le site. 3. Finalit\u00e9 du traitement Les donn\u00e9es que nous collectons sont utilis\u00e9es aux fins suivantes, toujours en conformit\u00e9 avec les r\u00e9glementations applicables : Fournir, maintenir et am\u00e9liorer notre site web. Envoyer des communications relatives \u00e0 nos services, telles que des mises \u00e0 jour, des bulletins d'information [&hellip;]","og_url":"https:\/\/www.nautilusdragados.com\/fr\/politique-de-confidentialite\/","og_site_name":"Nautilus Dragados","article_modified_time":"2025-03-14T08:54:46+00:00","twitter_card":"summary_large_image","twitter_misc":{"Dur\u00e9e de lecture estim\u00e9e":"4 minutes"},"schema":{"@context":"https:\/\/schema.org","@graph":[{"@type":"WebPage","@id":"https:\/\/www.nautilusdragados.com\/fr\/politique-de-confidentialite\/","url":"https:\/\/www.nautilusdragados.com\/fr\/politique-de-confidentialite\/","name":"Politique de confidentialit\u00e9 - Nautilus Dragados","isPartOf":{"@id":"https:\/\/www.nautilusdragados.com\/fr\/#website"},"datePublished":"2024-10-08T08:48:19+00:00","dateModified":"2025-03-14T08:54:46+00:00","breadcrumb":{"@id":"https:\/\/www.nautilusdragados.com\/fr\/politique-de-confidentialite\/#breadcrumb"},"inLanguage":"fr-FR","potentialAction":[{"@type":"ReadAction","target":["https:\/\/www.nautilusdragados.com\/fr\/politique-de-confidentialite\/"]}]},{"@type":"BreadcrumbList","@id":"https:\/\/www.nautilusdragados.com\/fr\/politique-de-confidentialite\/#breadcrumb","itemListElement":[{"@type":"ListItem","position":1,"name":"Portada","item":"https:\/\/www.nautilusdragados.com\/fr\/"},{"@type":"ListItem","position":2,"name":"Politique de confidentialit\u00e9"}]},{"@type":"WebSite","@id":"https:\/\/www.nautilusdragados.com\/fr\/#website","url":"https:\/\/www.nautilusdragados.com\/fr\/","name":"Dragados Nautilus","description":"Retos medioambientales marinos","publisher":{"@id":"https:\/\/www.nautilusdragados.com\/fr\/#organization"},"potentialAction":[{"@type":"SearchAction","target":{"@type":"EntryPoint","urlTemplate":"https:\/\/www.nautilusdragados.com\/fr\/?s={search_term_string}"},"query-input":{"@type":"PropertyValueSpecification","valueRequired":true,"valueName":"search_term_string"}}],"inLanguage":"fr-FR"},{"@type":"Organization","@id":"https:\/\/www.nautilusdragados.com\/fr\/#organization","name":"Dragados Nautilus","url":"https:\/\/www.nautilusdragados.com\/fr\/","logo":{"@type":"ImageObject","inLanguage":"fr-FR","@id":"https:\/\/www.nautilusdragados.com\/fr\/#\/schema\/logo\/image\/","url":"https:\/\/www.nautilusdragados.com\/wp-content\/uploads\/2024\/09\/logo-nautilus.png","contentUrl":"https:\/\/www.nautilusdragados.com\/wp-content\/uploads\/2024\/09\/logo-nautilus.png","width":482,"height":115,"caption":"Dragados Nautilus"},"image":{"@id":"https:\/\/www.nautilusdragados.com\/fr\/#\/schema\/logo\/image\/"}}]}},"_links":{"self":[{"href":"https:\/\/www.nautilusdragados.com\/fr\/wp-json\/wp\/v2\/pages\/1278","targetHints":{"allow":["GET"]}}],"collection":[{"href":"https:\/\/www.nautilusdragados.com\/fr\/wp-json\/wp\/v2\/pages"}],"about":[{"href":"https:\/\/www.nautilusdragados.com\/fr\/wp-json\/wp\/v2\/types\/page"}],"author":[{"embeddable":true,"href":"https:\/\/www.nautilusdragados.com\/fr\/wp-json\/wp\/v2\/users\/1"}],"replies":[{"embeddable":true,"href":"https:\/\/www.nautilusdragados.com\/fr\/wp-json\/wp\/v2\/comments?post=1278"}],"version-history":[{"count":6,"href":"https:\/\/www.nautilusdragados.com\/fr\/wp-json\/wp\/v2\/pages\/1278\/revisions"}],"predecessor-version":[{"id":1587,"href":"https:\/\/www.nautilusdragados.com\/fr\/wp-json\/wp\/v2\/pages\/1278\/revisions\/1587"}],"wp:attachment":[{"href":"https:\/\/www.nautilusdragados.com\/fr\/wp-json\/wp\/v2\/media?parent=1278"}],"curies":[{"name":"wp","href":"https:\/\/api.w.org\/{rel}","templated":true}]}}